{"id":28237,"date":"2025-04-02T07:00:09","date_gmt":"2025-04-02T07:00:09","guid":{"rendered":"https:\/\/www.krkgida.com\/?post_type=product&#038;p=28237"},"modified":"2025-04-02T10:09:43","modified_gmt":"2025-04-02T10:09:43","slug":"krk-gida-renklendirici-karamel-caramel-water-soluble-e-150a","status":"publish","type":"product","link":"https:\/\/www.krkgida.com\/?product=krk-gida-renklendirici-karamel-caramel-water-soluble-e-150a","title":{"rendered":"KRK GIDA RENKLEND\u0130R\u0130C\u0130  KARAMEL (CARAMEL WATER SOLUBLE) (E 150A) 1KG"},"content":{"rendered":"\t\t<div data-elementor-type=\"product-post\" data-elementor-id=\"28237\" class=\"elementor elementor-28237\" data-elementor-post-type=\"product\">\n\t\t\t\t<div class=\"wd-negative-gap elementor-element elementor-element-11cfef6c e-flex e-con-boxed e-con e-parent\" data-id=\"11cfef6c\" data-element_type=\"container\">\n\t\t\t\t\t<div class=\"e-con-inner\">\n\t\t\t\t<div class=\"elementor-element elementor-element-7dd7131e color-scheme-inherit text-left elementor-widget elementor-widget-text-editor\" data-id=\"7dd7131e\" data-element_type=\"widget\" data-widget_type=\"text-editor.default\">\n\t\t\t\t<div class=\"elementor-widget-container\">\n\t\t\t\t\t\t\t\t\t<p>KRK GIDA RENKLEND\u0130R\u0130C\u0130 KARAMEL (CARAMEL WATER SOLUBLE) (E 150A)<\/p><p>\u00dcR\u00dcN \u0130SM\u0130:\u00a0 \u00a0 \u00a0 \u00a0 \u00a0 \u00a0 \u00a0KRK GIDA RENKLEND\u0130R\u0130C\u0130 KARAMEL (CARAMEL WATER SOLUBLE) (E 150A)<br \/>EEC NUMARASI:\u00a0 \u00a0 \u00a0 E 150A<\/p><p>KRK GIDA RENKLEND\u0130R\u0130C\u0130 KARAMEL (CARAMEL WATER SOLUBLE) (E 150A) \u00dcR\u00dcN\u00dc T\u00dcRK GIDA KODEKS\u0130NE UYGUN DE\u011eERLERDE \u00dcRET\u0130LM\u0130\u015eT\u0130R.<\/p><p>KULLANILAB\u0130LECE\u011e\u0130 \u00dcR\u00dcNLER VE MAKS\u0130MUM KULLANIM ORANLARI T\u00dcRK GIDA KODEKS\u0130NDE BEL\u0130RT\u0130LM\u0130\u015eT\u0130R.<\/p><p>BAZI \u00dcR\u00dcNLER \u0130\u00c7\u0130N MAKS\u0130MUM KULLANIM ORANLARI:<\/p><p>\u015eEKELEMELER 200 MG\/KG, S\u00dcSLEME VE KAPLAMALAR 500 MG\/KG, \u00c7ORBALAR 50 MG \/KG<\/p><p>\u00c7\u00d6Z\u00dcN\u00dcRL\u00dcK: SUDA \u00c7\u00d6Z\u00dcN\u00dcR.<\/p><p>GIDA \u0130MALATINDA KULLANIMA UYGUNDUR.<\/p>\t\t\t\t\t\t\t\t<\/div>\n\t\t\t\t<\/div>\n\t\t\t\t\t<\/div>\n\t\t\t\t<\/div>\n\t\t\t\t<\/div>\n\t\t","protected":false},"excerpt":{"rendered":"<p>KRK GIDA RENKLEND\u0130R\u0130C\u0130 KARAMEL (CARAMEL WATER SOLUBLE) (E 150A)<\/p>\n","protected":false},"featured_media":28238,"comment_status":"open","ping_status":"closed","template":"","meta":[],"product_brand":[],"product_cat":[259],"product_tag":[],"class_list":{"0":"post-28237","1":"product","2":"type-product","3":"status-publish","4":"has-post-thumbnail","6":"product_cat-1kg-gida-renklendiricileri","8":"first","9":"instock","10":"shipping-taxable","11":"product-type-simple"},"_links":{"self":[{"href":"https:\/\/www.krkgida.com\/index.php?rest_route=\/wp\/v2\/product\/28237","targetHints":{"allow":["GET"]}}],"collection":[{"href":"https:\/\/www.krkgida.com\/index.php?rest_route=\/wp\/v2\/product"}],"about":[{"href":"https:\/\/www.krkgida.com\/index.php?rest_route=\/wp\/v2\/types\/product"}],"replies":[{"embeddable":true,"href":"https:\/\/www.krkgida.com\/index.php?rest_route=%2Fwp%2Fv2%2Fcomments&post=28237"}],"version-history":[{"count":5,"href":"https:\/\/www.krkgida.com\/index.php?rest_route=\/wp\/v2\/product\/28237\/revisions"}],"predecessor-version":[{"id":28272,"href":"https:\/\/www.krkgida.com\/index.php?rest_route=\/wp\/v2\/product\/28237\/revisions\/28272"}],"wp:featuredmedia":[{"embeddable":true,"href":"https:\/\/www.krkgida.com\/index.php?rest_route=\/wp\/v2\/media\/28238"}],"wp:attachment":[{"href":"https:\/\/www.krkgida.com\/index.php?rest_route=%2Fwp%2Fv2%2Fmedia&parent=28237"}],"wp:term":[{"taxonomy":"product_brand","embeddable":true,"href":"https:\/\/www.krkgida.com\/index.php?rest_route=%2Fwp%2Fv2%2Fproduct_brand&post=28237"},{"taxonomy":"product_cat","embeddable":true,"href":"https:\/\/www.krkgida.com\/index.php?rest_route=%2Fwp%2Fv2%2Fproduct_cat&post=28237"},{"taxonomy":"product_tag","embeddable":true,"href":"https:\/\/www.krkgida.com\/index.php?rest_route=%2Fwp%2Fv2%2Fproduct_tag&post=28237"}],"curies":[{"name":"wp","href":"https:\/\/api.w.org\/{rel}","templated":true}]}}