{"id":28181,"date":"2025-03-27T07:42:32","date_gmt":"2025-03-27T07:42:32","guid":{"rendered":"https:\/\/www.krkgida.com\/?post_type=product&#038;p=28181"},"modified":"2025-04-02T10:11:02","modified_gmt":"2025-04-02T10:11:02","slug":"krk-gida-renklendirici-mavi-brilliant-blue-fcf-e-133","status":"publish","type":"product","link":"https:\/\/www.krkgida.com\/?product=krk-gida-renklendirici-mavi-brilliant-blue-fcf-e-133","title":{"rendered":"KRK GIDA RENKLEND\u0130R\u0130C\u0130  MAV\u0130 (BRILLIANT BLUE FCF) (E 133) 1KG"},"content":{"rendered":"\t\t<div data-elementor-type=\"product-post\" data-elementor-id=\"28181\" class=\"elementor elementor-28181\" data-elementor-post-type=\"product\">\n\t\t\t\t<div class=\"wd-negative-gap elementor-element elementor-element-5fe4584 e-flex e-con-boxed e-con e-parent\" data-id=\"5fe4584\" data-element_type=\"container\">\n\t\t\t\t\t<div class=\"e-con-inner\">\n\t\t\t\t<div class=\"elementor-element elementor-element-7fb2a1ce color-scheme-inherit text-left elementor-widget elementor-widget-text-editor\" data-id=\"7fb2a1ce\" data-element_type=\"widget\" data-widget_type=\"text-editor.default\">\n\t\t\t\t<div class=\"elementor-widget-container\">\n\t\t\t\t\t\t\t\t\t<h5>KRK GIDA RENKLEND\u0130R\u0130C\u0130 MAV\u0130 (BRILLIANT BLUE FCF) (E 133)<\/h5><p>\u00dcR\u00dcN \u0130SM\u0130:\u00a0 \u00a0 \u00a0 \u00a0 \u00a0 \u00a0 \u00a0 \u00a0 \u00a0 \u00a0 \u00a0 \u00a0 \u00a0 \u00a0 \u00a0 \u00a0 \u00a0 \u00a0 \u00a0KRK GIDA RENKLEND\u0130R\u0130C\u0130 MAV\u0130 (BRILLIANT BLUE FCF)(E133)<br \/>RENK ENDEKS NO:\u00a0 \u00a0 \u00a0 \u00a0 \u00a0 \u00a0 \u00a0 \u00a0 \u00a0 \u00a0 \u00a0 \u00a0 \u00a0 42090<br \/>EEC NUMARASI:\u00a0 \u00a0 \u00a0 \u00a0 \u00a0 \u00a0 \u00a0 \u00a0 \u00a0 \u00a0 \u00a0 \u00a0 \u00a0 \u00a0 \u00a0 E 133<br \/>K\u0130MYASAL FORM\u00dcL:\u00a0 \u00a0 \u00a0 \u00a0 \u00a0 \u00a0 \u00a0 \u00a0 \u00a0 \u00a0 \u00a0 \u00a0 \u00a0C37H34N2Na2O9S3<br \/>TANIMLAMA:\u00a0 \u00a0 \u00a0 \u00a0 \u00a0 \u00a0 \u00a0 \u00a0 \u00a0 \u00a0 \u00a0 \u00a0 \u00a0 \u00a0 \u00a0 \u00a0 \u00a0 \u00a0KIRMIZIMSI MAV\u0130 TOZ<br \/>\u0130\u00c7ER\u0130K\u00a0 \u00a0 \u00a0 \u00a0 \u00a0 \u00a0 \u00a0 \u00a0 \u00a0 \u00a0 \u00a0 \u00a0 \u00a0 \u00a0 \u00a0 \u00a0 \u00a0 \u00a0M\u0130KTAR(%WEIGHT)<br \/>TOPLAM RENKLEND\u0130R\u0130C\u0130 MADDE:\u00a0 \u00a0 \u00a0%87,21<br \/>SODYUM TUZU:\u00a0 \u00a0 \u00a0 \u00a0 \u00a0 \u00a0 \u00a0 \u00a0 \u00a0 \u00a0 \u00a0 \u00a0 \u00a0 \u00a0 \u00a0 \u00a0%12,79<\/p><p>KRK GIDA RENKLEND\u0130R\u0130C\u0130 MAV\u0130 (BRILLIANT BLUE FCF)(E133) \u00dcR\u00dcN\u00dc T\u00dcRK GIDA KODEKS\u0130NE UYGUN DE\u011eERLERDE \u00dcRET\u0130LM\u0130\u015eT\u0130R.<\/p><p>KULLANILAB\u0130LECE\u011e\u0130 \u00dcR\u00dcNLER VE MAKS\u0130MUM KULLANIM ORANLARI T\u00dcRK GIDA KODEKS\u0130NDE BEL\u0130RT\u0130LM\u0130\u015eT\u0130R.<\/p><p>BAZI \u00dcR\u00dcNLER \u0130\u00c7\u0130N MAKS\u0130MUM KULLANIM ORANLARI:<br \/>\u015eEKELEMELER 200 MG\/KG, S\u00dcSLEME VE KAPLAMALAR 500 MG\/KG, \u00c7ORBALAR 50 MG\/KG<\/p><p>\u00c7\u00d6Z\u00dcN\u00dcRL\u00dcK: SU VE ALKOLDE \u00c7\u00d6Z\u00dcN\u00dcR.<\/p><p>PASKALYA YUMURTASI BOYAMADA KULLANILAB\u0130L\u0130R.<\/p><p>GIDA \u0130MALATINDA KULLANIMA UYGUNDUR.<\/p>\t\t\t\t\t\t\t\t<\/div>\n\t\t\t\t<\/div>\n\t\t\t\t\t<\/div>\n\t\t\t\t<\/div>\n\t\t\t\t<\/div>\n\t\t","protected":false},"excerpt":{"rendered":"<p>KRK GIDA RENKLEND\u0130R\u0130C\u0130 MAV\u0130 (BRILLIANT BLUE FCF) (E 133)<\/p>\n","protected":false},"featured_media":28182,"comment_status":"open","ping_status":"closed","template":"","meta":[],"product_brand":[],"product_cat":[259],"product_tag":[],"class_list":{"0":"post-28181","1":"product","2":"type-product","3":"status-publish","4":"has-post-thumbnail","6":"product_cat-1kg-gida-renklendiricileri","8":"first","9":"instock","10":"shipping-taxable","11":"product-type-simple"},"_links":{"self":[{"href":"https:\/\/www.krkgida.com\/index.php?rest_route=\/wp\/v2\/product\/28181","targetHints":{"allow":["GET"]}}],"collection":[{"href":"https:\/\/www.krkgida.com\/index.php?rest_route=\/wp\/v2\/product"}],"about":[{"href":"https:\/\/www.krkgida.com\/index.php?rest_route=\/wp\/v2\/types\/product"}],"replies":[{"embeddable":true,"href":"https:\/\/www.krkgida.com\/index.php?rest_route=%2Fwp%2Fv2%2Fcomments&post=28181"}],"version-history":[{"count":5,"href":"https:\/\/www.krkgida.com\/index.php?rest_route=\/wp\/v2\/product\/28181\/revisions"}],"predecessor-version":[{"id":28277,"href":"https:\/\/www.krkgida.com\/index.php?rest_route=\/wp\/v2\/product\/28181\/revisions\/28277"}],"wp:featuredmedia":[{"embeddable":true,"href":"https:\/\/www.krkgida.com\/index.php?rest_route=\/wp\/v2\/media\/28182"}],"wp:attachment":[{"href":"https:\/\/www.krkgida.com\/index.php?rest_route=%2Fwp%2Fv2%2Fmedia&parent=28181"}],"wp:term":[{"taxonomy":"product_brand","embeddable":true,"href":"https:\/\/www.krkgida.com\/index.php?rest_route=%2Fwp%2Fv2%2Fproduct_brand&post=28181"},{"taxonomy":"product_cat","embeddable":true,"href":"https:\/\/www.krkgida.com\/index.php?rest_route=%2Fwp%2Fv2%2Fproduct_cat&post=28181"},{"taxonomy":"product_tag","embeddable":true,"href":"https:\/\/www.krkgida.com\/index.php?rest_route=%2Fwp%2Fv2%2Fproduct_tag&post=28181"}],"curies":[{"name":"wp","href":"https:\/\/api.w.org\/{rel}","templated":true}]}}