{"id":28173,"date":"2025-03-27T07:26:38","date_gmt":"2025-03-27T07:26:38","guid":{"rendered":"https:\/\/www.krkgida.com\/?post_type=product&#038;p=28173"},"modified":"2025-04-02T10:11:14","modified_gmt":"2025-04-02T10:11:14","slug":"28173","status":"publish","type":"product","link":"https:\/\/www.krkgida.com\/?product=28173","title":{"rendered":"KRK GIDA RENKLEND\u0130R\u0130C\u0130 KOYU MAV\u0130 (INDIGO CARM\u0130NE) (E 132) 1KG"},"content":{"rendered":"\t\t<div data-elementor-type=\"product-post\" data-elementor-id=\"28173\" class=\"elementor elementor-28173\" data-elementor-post-type=\"product\">\n\t\t\t\t<div class=\"wd-negative-gap elementor-element elementor-element-7f99afe0 e-flex e-con-boxed e-con e-parent\" data-id=\"7f99afe0\" data-element_type=\"container\">\n\t\t\t\t\t<div class=\"e-con-inner\">\n\t\t\t\t<div class=\"elementor-element elementor-element-2bd4fb86 color-scheme-inherit text-left elementor-widget elementor-widget-text-editor\" data-id=\"2bd4fb86\" data-element_type=\"widget\" data-widget_type=\"text-editor.default\">\n\t\t\t\t<div class=\"elementor-widget-container\">\n\t\t\t\t\t\t\t\t\t<h5>KRK GIDA RENKLEND\u0130R\u0130C\u0130 KOYU MAV\u0130 (INDIGO CARM\u0130NE) (E 132)<\/h5><p><br \/>\u00dcR\u00dcN \u0130SM\u0130: KRK GIDA RENKLEND\u0130R\u0130C\u0130 KOYU MAV\u0130 (INDIGO CARM\u0130NE)(E132)<br \/>RENK ENDEKS NO: 73015<br \/>EEC NUMARASI: E 132<br \/>EINECS: 212-728-8<br \/>K\u0130MYASAL FORM\u00dcL: C16H8N2Na2O8S2<br \/>TANIMLAMA: KOYU MAV\u0130 TOZ<br \/>\u0130\u00c7ER\u0130K M\u0130KTAR(%WEIGHT)<br \/>TOPLAM RENKLEND\u0130R\u0130C\u0130 MADDE: %87<br \/>SODYUM TUZU: %13<\/p><p>KRK GIDA RENKLEND\u0130R\u0130C\u0130 MAV\u0130 (INDIGO CARM\u0130NE)(E132) \u00dcR\u00dcN\u00dc T\u00dcRK GIDA KODEKS\u0130NE UYGUN DE\u011eERLERDE \u00dcRET\u0130LM\u0130\u015eT\u0130R.<\/p><p>KULLANILAB\u0130LECE\u011e\u0130 \u00dcR\u00dcNLER VE MAKS\u0130MUM KULLANIM ORANLARI T\u00dcRK GIDA KODEKS\u0130NDE BEL\u0130RT\u0130LM\u0130\u015eT\u0130R.<\/p><p>BAZI \u00dcR\u00dcNLER \u0130\u00c7\u0130N MAKS\u0130MUM KULLANIM ORANLARI:<br \/>\u015eEKELEMELER 200 MG\/KG, S\u00dcSLEME VE KAPLAMALAR 500 MG\/KG, \u00c7ORBALAR 50 MG \/KG<\/p><p>\u00c7\u00d6Z\u00dcN\u00dcRL\u00dcK: SU VE ALKOLDE \u00c7\u00d6Z\u00dcN\u00dcR.<\/p><p>PASKALYA YUMURTASI BOYAMADA KULLANILA B\u0130L\u0130R.<\/p><p>GIDA \u0130MALATINDA KULLANIMA UYGUNDUR.<\/p>\t\t\t\t\t\t\t\t<\/div>\n\t\t\t\t<\/div>\n\t\t\t\t\t<\/div>\n\t\t\t\t<\/div>\n\t\t\t\t<\/div>\n\t\t","protected":false},"excerpt":{"rendered":"<p>KRK GIDA RENKLEND\u0130R\u0130C\u0130 KOYU MAV\u0130 (INDIGO CARM\u0130NE) (E 132)<\/p>\n","protected":false},"featured_media":28174,"comment_status":"open","ping_status":"closed","template":"","meta":[],"product_brand":[],"product_cat":[259],"product_tag":[],"class_list":{"0":"post-28173","1":"product","2":"type-product","3":"status-publish","4":"has-post-thumbnail","6":"product_cat-1kg-gida-renklendiricileri","8":"first","9":"instock","10":"shipping-taxable","11":"product-type-simple"},"_links":{"self":[{"href":"https:\/\/www.krkgida.com\/index.php?rest_route=\/wp\/v2\/product\/28173","targetHints":{"allow":["GET"]}}],"collection":[{"href":"https:\/\/www.krkgida.com\/index.php?rest_route=\/wp\/v2\/product"}],"about":[{"href":"https:\/\/www.krkgida.com\/index.php?rest_route=\/wp\/v2\/types\/product"}],"replies":[{"embeddable":true,"href":"https:\/\/www.krkgida.com\/index.php?rest_route=%2Fwp%2Fv2%2Fcomments&post=28173"}],"version-history":[{"count":7,"href":"https:\/\/www.krkgida.com\/index.php?rest_route=\/wp\/v2\/product\/28173\/revisions"}],"predecessor-version":[{"id":28278,"href":"https:\/\/www.krkgida.com\/index.php?rest_route=\/wp\/v2\/product\/28173\/revisions\/28278"}],"wp:featuredmedia":[{"embeddable":true,"href":"https:\/\/www.krkgida.com\/index.php?rest_route=\/wp\/v2\/media\/28174"}],"wp:attachment":[{"href":"https:\/\/www.krkgida.com\/index.php?rest_route=%2Fwp%2Fv2%2Fmedia&parent=28173"}],"wp:term":[{"taxonomy":"product_brand","embeddable":true,"href":"https:\/\/www.krkgida.com\/index.php?rest_route=%2Fwp%2Fv2%2Fproduct_brand&post=28173"},{"taxonomy":"product_cat","embeddable":true,"href":"https:\/\/www.krkgida.com\/index.php?rest_route=%2Fwp%2Fv2%2Fproduct_cat&post=28173"},{"taxonomy":"product_tag","embeddable":true,"href":"https:\/\/www.krkgida.com\/index.php?rest_route=%2Fwp%2Fv2%2Fproduct_tag&post=28173"}],"curies":[{"name":"wp","href":"https:\/\/api.w.org\/{rel}","templated":true}]}}