{"id":28155,"date":"2025-03-27T06:46:38","date_gmt":"2025-03-27T06:46:38","guid":{"rendered":"https:\/\/www.krkgida.com\/?post_type=product&#038;p=28155"},"modified":"2025-04-02T10:11:39","modified_gmt":"2025-04-02T10:11:39","slug":"krk-gida-renklendirici-kahverengi-chocolate-brown-brown-ht-e-155","status":"publish","type":"product","link":"https:\/\/www.krkgida.com\/?product=krk-gida-renklendirici-kahverengi-chocolate-brown-brown-ht-e-155","title":{"rendered":"KRK GIDA RENKLEND\u0130R\u0130C\u0130 KAHVERENG\u0130 (CHOCOLATE BROWN) (BROWN HT) (E 155) 1KG"},"content":{"rendered":"\t\t<div data-elementor-type=\"product-post\" data-elementor-id=\"28155\" class=\"elementor elementor-28155\" data-elementor-post-type=\"product\">\n\t\t\t\t<div class=\"wd-negative-gap elementor-element elementor-element-56ae08b2 e-flex e-con-boxed e-con e-parent\" data-id=\"56ae08b2\" data-element_type=\"container\">\n\t\t\t\t\t<div class=\"e-con-inner\">\n\t\t\t\t<div class=\"elementor-element elementor-element-cead821 color-scheme-inherit text-left elementor-widget elementor-widget-text-editor\" data-id=\"cead821\" data-element_type=\"widget\" data-widget_type=\"text-editor.default\">\n\t\t\t\t<div class=\"elementor-widget-container\">\n\t\t\t\t\t\t\t\t\t<h5>KRK GIDA RENKLEND\u0130R\u0130C\u0130 KAHVERENG\u0130 (CHOCOLATE BROWN)(BROWN HT) (E155)<\/h5>\n<p>\u00dcR\u00dcN \u0130SM\u0130:&nbsp; &nbsp; &nbsp; &nbsp; &nbsp; &nbsp; &nbsp; &nbsp; &nbsp; &nbsp; &nbsp; &nbsp; &nbsp; &nbsp; &nbsp; &nbsp; &nbsp; &nbsp;KRK GIDA RENKLEND\u0130R\u0130C\u0130 KAHVERENG\u0130 (CHOCOLATE BROWN) (BROWN HT) (E 155)<br>RENK ENDEKS NO:&nbsp; &nbsp; &nbsp; &nbsp; &nbsp; &nbsp; &nbsp; &nbsp; &nbsp; &nbsp; &nbsp; &nbsp; &nbsp;20285<br>EEC NUMARASI:&nbsp; &nbsp; &nbsp; &nbsp; &nbsp; &nbsp; &nbsp; &nbsp; &nbsp; &nbsp; &nbsp; &nbsp; &nbsp; &nbsp; &nbsp;E 155<br>EINECS :&nbsp; &nbsp; &nbsp; &nbsp; &nbsp; &nbsp; &nbsp; &nbsp; &nbsp; &nbsp; &nbsp; &nbsp; &nbsp; &nbsp; &nbsp; &nbsp; &nbsp; &nbsp; &nbsp; &nbsp;224-924-0<br>K\u0130MYASAL FORM\u00dcL:&nbsp; &nbsp; &nbsp; &nbsp; &nbsp; &nbsp; &nbsp; &nbsp; &nbsp; &nbsp; &nbsp; &nbsp; C27H18N4Na2O9S2<br>TANIMLAMA :&nbsp; &nbsp; &nbsp; &nbsp; &nbsp; &nbsp; &nbsp; &nbsp; &nbsp; &nbsp; &nbsp; &nbsp; &nbsp; &nbsp; &nbsp; &nbsp; &nbsp;KIRMIZIMSI- KAHVERENG\u0130 TOZ<br>\u0130\u00c7ER\u0130K&nbsp; &nbsp; &nbsp; &nbsp; &nbsp; &nbsp; &nbsp; &nbsp; &nbsp; &nbsp; &nbsp; &nbsp; &nbsp; &nbsp; &nbsp; &nbsp; &nbsp;M\u0130KTAR(%WEIGHT)<br>TOPLAM RENKLEND\u0130R\u0130C\u0130 MADDE:&nbsp; &nbsp; &nbsp;%70<br>SODYUM TUZU:&nbsp; &nbsp; &nbsp; &nbsp; &nbsp; &nbsp; &nbsp; &nbsp; &nbsp; &nbsp; &nbsp; &nbsp; &nbsp; &nbsp; &nbsp; &nbsp;%30<\/p>\n<p>KRK GIDA RENKLEND\u0130R\u0130C\u0130 KAHVERENG\u0130 (CHOCOLATE BROWN)(BROWN HT) (E155) \u00dcR\u00dcN\u00dc T\u00dcRK GIDA KODEKS\u0130NE UYGUN DE\u011eERLERDE \u00dcRET\u0130LM\u0130\u015eT\u0130R.<\/p>\n<p>KULLANILAB\u0130LECE\u011e\u0130 \u00dcR\u00dcNLER VE MAKS\u0130MUM KULLANIM ORANLARI T\u00dcRK GIDA KODEKS\u0130NDE BEL\u0130RT\u0130LM\u0130\u015eT\u0130R.<\/p>\n<p>BAZI \u00dcR\u00dcNLER \u0130\u00c7\u0130N MAKS\u0130MUM KULLANIM ORANLARI:<br>\u015eEKELEMELER 50 MG\/KG, S\u00dcSLEME VE KAPLAMALAR 50 MG\/KG, \u00c7ORBALAR 50 MG \/KG<\/p>\n<p>\u00c7\u00d6Z\u00dcN\u00dcRL\u00dcK: SU VE ALKOLDE \u00c7\u00d6Z\u00dcN\u00dcR<\/p>\n<p>PASKALYA YUMURTASI BOYAMADA KULLANILAB\u0130L\u0130R.<\/p>\n<p>GIDA \u0130MALATINDA KULLANIMA UYGUNDUR.<\/p>\t\t\t\t\t\t\t\t<\/div>\n\t\t\t\t<\/div>\n\t\t\t\t\t<\/div>\n\t\t\t\t<\/div>\n\t\t\t\t<\/div>\n\t\t","protected":false},"excerpt":{"rendered":"<p>KRK GIDA RENKLEND\u0130R\u0130C\u0130 KAHVERENG\u0130 (CHOCOLATE BROWN) (BROWN HT) (E 155)<\/p>\n","protected":false},"featured_media":28157,"comment_status":"open","ping_status":"closed","template":"","meta":[],"product_brand":[],"product_cat":[259],"product_tag":[],"class_list":{"0":"post-28155","1":"product","2":"type-product","3":"status-publish","4":"has-post-thumbnail","6":"product_cat-1kg-gida-renklendiricileri","8":"first","9":"instock","10":"shipping-taxable","11":"product-type-simple"},"_links":{"self":[{"href":"https:\/\/www.krkgida.com\/index.php?rest_route=\/wp\/v2\/product\/28155","targetHints":{"allow":["GET"]}}],"collection":[{"href":"https:\/\/www.krkgida.com\/index.php?rest_route=\/wp\/v2\/product"}],"about":[{"href":"https:\/\/www.krkgida.com\/index.php?rest_route=\/wp\/v2\/types\/product"}],"replies":[{"embeddable":true,"href":"https:\/\/www.krkgida.com\/index.php?rest_route=%2Fwp%2Fv2%2Fcomments&post=28155"}],"version-history":[{"count":7,"href":"https:\/\/www.krkgida.com\/index.php?rest_route=\/wp\/v2\/product\/28155\/revisions"}],"predecessor-version":[{"id":28279,"href":"https:\/\/www.krkgida.com\/index.php?rest_route=\/wp\/v2\/product\/28155\/revisions\/28279"}],"wp:featuredmedia":[{"embeddable":true,"href":"https:\/\/www.krkgida.com\/index.php?rest_route=\/wp\/v2\/media\/28157"}],"wp:attachment":[{"href":"https:\/\/www.krkgida.com\/index.php?rest_route=%2Fwp%2Fv2%2Fmedia&parent=28155"}],"wp:term":[{"taxonomy":"product_brand","embeddable":true,"href":"https:\/\/www.krkgida.com\/index.php?rest_route=%2Fwp%2Fv2%2Fproduct_brand&post=28155"},{"taxonomy":"product_cat","embeddable":true,"href":"https:\/\/www.krkgida.com\/index.php?rest_route=%2Fwp%2Fv2%2Fproduct_cat&post=28155"},{"taxonomy":"product_tag","embeddable":true,"href":"https:\/\/www.krkgida.com\/index.php?rest_route=%2Fwp%2Fv2%2Fproduct_tag&post=28155"}],"curies":[{"name":"wp","href":"https:\/\/api.w.org\/{rel}","templated":true}]}}