{"id":27888,"date":"2025-03-19T13:58:34","date_gmt":"2025-03-19T13:58:34","guid":{"rendered":"https:\/\/www.krkgida.com\/?post_type=product&#038;p=27888"},"modified":"2025-04-02T10:20:33","modified_gmt":"2025-04-02T10:20:33","slug":"krk-gida-renklendirici-kirmizi-ponceau-4r-e-124-2","status":"publish","type":"product","link":"https:\/\/www.krkgida.com\/?product=krk-gida-renklendirici-kirmizi-ponceau-4r-e-124-2","title":{"rendered":"KRK GIDA RENKLEND\u0130R\u0130C\u0130 KIRMIZI (PONCEAU 4R) (E 124) 9GR-48 ADET"},"content":{"rendered":"\t\t<div data-elementor-type=\"product-post\" data-elementor-id=\"27888\" class=\"elementor elementor-27888\" data-elementor-post-type=\"product\">\n\t\t\t\t<div class=\"wd-negative-gap elementor-element elementor-element-4e257611 e-flex e-con-boxed e-con e-parent\" data-id=\"4e257611\" data-element_type=\"container\">\n\t\t\t\t\t<div class=\"e-con-inner\">\n\t\t\t\t<div class=\"elementor-element elementor-element-206fd9f3 color-scheme-inherit text-left elementor-widget elementor-widget-text-editor\" data-id=\"206fd9f3\" data-element_type=\"widget\" data-widget_type=\"text-editor.default\">\n\t\t\t\t<div class=\"elementor-widget-container\">\n\t\t\t\t\t\t\t\t\t<h5>KRK GIDA RENKLEND\u0130R\u0130C\u0130 KIRMIZI (PONCEAU 4R) (E 124)<\/h5>\n<p>\u00dcR\u00dcN \u0130SM\u0130 :&nbsp; &nbsp; &nbsp; &nbsp; &nbsp; &nbsp; &nbsp; &nbsp; &nbsp; &nbsp; &nbsp; &nbsp; &nbsp; &nbsp; &nbsp; &nbsp; &nbsp; &nbsp; &nbsp;KRK GIDA RENKLEND\u0130R\u0130C\u0130 KIRMIZI (PONCEAU 4R) ( E 124)<br>RENK ENDEKS NO :&nbsp; &nbsp; &nbsp; &nbsp; &nbsp; &nbsp; &nbsp; &nbsp; &nbsp; &nbsp; &nbsp; &nbsp; &nbsp; 16255<br>EEC NUMARASI :&nbsp; &nbsp; &nbsp; &nbsp; &nbsp; &nbsp; &nbsp; &nbsp; &nbsp; &nbsp; &nbsp; &nbsp; &nbsp; &nbsp; &nbsp; E 124<br>EINECS :&nbsp; &nbsp; &nbsp; &nbsp; &nbsp; &nbsp; &nbsp; &nbsp; &nbsp; &nbsp; &nbsp; &nbsp; &nbsp; &nbsp; &nbsp; &nbsp; &nbsp; &nbsp; &nbsp; &nbsp; &nbsp;220-036-2<br>K\u0130MYASAL FORM\u00dcL :&nbsp; &nbsp; &nbsp; &nbsp; &nbsp; &nbsp; &nbsp; &nbsp; &nbsp; &nbsp; &nbsp; &nbsp; C20H11N2Na3O10S3<br>TANIMLAMA :&nbsp; &nbsp; &nbsp; &nbsp; &nbsp; &nbsp; &nbsp; &nbsp; &nbsp; &nbsp; &nbsp; &nbsp; &nbsp; &nbsp; &nbsp; &nbsp; &nbsp; KIRMIZIMSI TOZ<br>\u0130\u00c7ER\u0130K M\u0130KTAR&nbsp; &nbsp; &nbsp; &nbsp; &nbsp; &nbsp; &nbsp; &nbsp; &nbsp; &nbsp; &nbsp; &nbsp; &nbsp; (%WEIGHT)<br>TOPLAM RENKLEND\u0130R\u0130C\u0130 MADDE :&nbsp; &nbsp; %82<br>SODYUM TUZU :&nbsp; &nbsp; &nbsp; &nbsp; &nbsp; &nbsp; &nbsp; &nbsp; &nbsp; &nbsp; &nbsp; &nbsp; &nbsp; &nbsp; &nbsp; %18<\/p>\n<p>PONCEAU 4R E124 KOD LU BU \u00dcR\u00dcN T\u00dcRK GIDA KODEKS\u0130NE UYGUN DE\u011eERLERDE \u00dcRET\u0130LM\u0130\u015eT\u0130R.<\/p>\n<p>KULLANILAB\u0130LECE\u011e\u0130 \u00dcR\u00dcNLER VE MAKS\u0130MUM KULLANIM ORANLARI T\u00dcRK GIDA KODEKS\u0130NDE BEL\u0130RT\u0130LM\u0130\u015eT\u0130R.<\/p>\n<p>BAZI \u00dcR\u00dcNLER \u0130\u00c7\u0130N MAKS\u0130MUM KULLANIM ORANLARI:<br>\u015eEKELEMELER 10MG\/KG, S\u00dcSLEME VE KAPLAMALAR 50 MG\/KG, \u00c7ORBALAR 50 MG \/KG<\/p>\n<p>\u00c7\u00d6Z\u00dcN\u00dcRL\u00dcK : SU VE ALKOLDE \u00c7\u00d6Z\u00dcN\u00dcR.<\/p>\n<p>PASKALYA YUMURTASI BOYAMADA KULLANILAB\u0130L\u0130R.<\/p>\n<p>GIDA \u0130MALATINDA KULLANIMA UYGUNDUR.<\/p>\t\t\t\t\t\t\t\t<\/div>\n\t\t\t\t<\/div>\n\t\t\t\t\t<\/div>\n\t\t\t\t<\/div>\n\t\t\t\t<\/div>\n\t\t","protected":false},"excerpt":{"rendered":"<p>KRK GIDA RENKLEND\u0130R\u0130C\u0130 KIRMIZI (PONCEAU 4R) (E 124) 9GR-48 ADET<\/p>\n","protected":false},"featured_media":27889,"comment_status":"closed","ping_status":"closed","template":"","meta":[],"product_brand":[],"product_cat":[260],"product_tag":[],"class_list":{"0":"post-27888","1":"product","2":"type-product","3":"status-publish","4":"has-post-thumbnail","6":"product_cat-9gr48adet-gida-renklendiricileri","8":"first","9":"instock","10":"shipping-taxable","11":"product-type-simple"},"_links":{"self":[{"href":"https:\/\/www.krkgida.com\/index.php?rest_route=\/wp\/v2\/product\/27888","targetHints":{"allow":["GET"]}}],"collection":[{"href":"https:\/\/www.krkgida.com\/index.php?rest_route=\/wp\/v2\/product"}],"about":[{"href":"https:\/\/www.krkgida.com\/index.php?rest_route=\/wp\/v2\/types\/product"}],"replies":[{"embeddable":true,"href":"https:\/\/www.krkgida.com\/index.php?rest_route=%2Fwp%2Fv2%2Fcomments&post=27888"}],"version-history":[{"count":12,"href":"https:\/\/www.krkgida.com\/index.php?rest_route=\/wp\/v2\/product\/27888\/revisions"}],"predecessor-version":[{"id":28293,"href":"https:\/\/www.krkgida.com\/index.php?rest_route=\/wp\/v2\/product\/27888\/revisions\/28293"}],"wp:featuredmedia":[{"embeddable":true,"href":"https:\/\/www.krkgida.com\/index.php?rest_route=\/wp\/v2\/media\/27889"}],"wp:attachment":[{"href":"https:\/\/www.krkgida.com\/index.php?rest_route=%2Fwp%2Fv2%2Fmedia&parent=27888"}],"wp:term":[{"taxonomy":"product_brand","embeddable":true,"href":"https:\/\/www.krkgida.com\/index.php?rest_route=%2Fwp%2Fv2%2Fproduct_brand&post=27888"},{"taxonomy":"product_cat","embeddable":true,"href":"https:\/\/www.krkgida.com\/index.php?rest_route=%2Fwp%2Fv2%2Fproduct_cat&post=27888"},{"taxonomy":"product_tag","embeddable":true,"href":"https:\/\/www.krkgida.com\/index.php?rest_route=%2Fwp%2Fv2%2Fproduct_tag&post=27888"}],"curies":[{"name":"wp","href":"https:\/\/api.w.org\/{rel}","templated":true}]}}