{"id":31,"date":"2023-04-20T11:47:35","date_gmt":"2023-04-20T11:47:35","guid":{"rendered":"https:\/\/dummy.xtemos.com\/woodmart2\/furniture2-elementor\/?page_id=31"},"modified":"2025-11-18T13:11:09","modified_gmt":"2025-11-18T13:11:09","slug":"about-us","status":"publish","type":"page","link":"https:\/\/www.krkgida.com\/?page_id=31","title":{"rendered":"About us"},"content":{"rendered":"\t\t<div data-elementor-type=\"wp-page\" data-elementor-id=\"31\" class=\"elementor elementor-31\" data-elementor-post-type=\"page\">\n\t\t\t\t<div class=\"wd-negative-gap elementor-element elementor-element-558899b e-flex e-con-boxed e-con e-parent\" data-id=\"558899b\" data-element_type=\"container\">\n\t\t\t\t\t<div class=\"e-con-inner\">\n\t\t<div class=\"elementor-element elementor-element-9aff3ab e-con-full e-flex e-con e-child\" data-id=\"9aff3ab\" data-element_type=\"container\">\n\t\t\t\t<div class=\"elementor-element elementor-element-cfd9ca0 wd-width-100 elementor-widget elementor-widget-wd_images_gallery\" data-id=\"cfd9ca0\" data-element_type=\"widget\" data-widget_type=\"wd_images_gallery.default\">\n\t\t\t\t<div class=\"elementor-widget-container\">\n\t\t\t\t\t\t\t<div class=\"wd-images-gallery photoswipe-images wd-carousel-container\" style=\"--wd-align-items:center; --wd-justify-content:center;\">\n\t\t\t\t\t\t\t<div class=\"wd-carousel-inner\">\n\t\t\t\t\t\t<div class=\"wd-carousel wd-grid\" data-scroll_per_page=\"yes\" style=\"--wd-col-lg:3;--wd-col-md:3;--wd-col-sm:1;--wd-gap-lg:10px;\">\n\t\t\t\t\t\t\t\t\t<div class=\"wd-carousel-wrap\">\n\t\t\t\t\t\t\t\t\t\t\t\t\t\t\t\t\t\t<div class=\"wd-gallery-item wd-carousel-item\">\n\t\t\t\t\t\t\t\t\t\t\t\t\t<a  href=\"https:\/\/www.krkgida.com\/wp-content\/uploads\/2025\/08\/dukkan-resmi.jpg\" data-width=\"1999\" data-height=\"2482\" data-index=\"1\" data-elementor-open-lightbox=\"no\">\n\t\t\t\t\t\t\n\t\t\t\t\t\t<img fetchpriority=\"high\" decoding=\"async\" width=\"1999\" height=\"2482\" src=\"https:\/\/www.krkgida.com\/wp-content\/uploads\/2025\/08\/dukkan-resmi.jpg\" class=\"attachment-full size-full\" alt=\"d\u00fckkan resmi\" srcset=\"https:\/\/www.krkgida.com\/wp-content\/uploads\/2025\/08\/dukkan-resmi.jpg 1999w, https:\/\/www.krkgida.com\/wp-content\/uploads\/2025\/08\/dukkan-resmi-242x300.jpg 242w, https:\/\/www.krkgida.com\/wp-content\/uploads\/2025\/08\/dukkan-resmi-644x800.jpg 644w, https:\/\/www.krkgida.com\/wp-content\/uploads\/2025\/08\/dukkan-resmi-768x954.jpg 768w, https:\/\/www.krkgida.com\/wp-content\/uploads\/2025\/08\/dukkan-resmi-1237x1536.jpg 1237w, https:\/\/www.krkgida.com\/wp-content\/uploads\/2025\/08\/dukkan-resmi-1649x2048.jpg 1649w, https:\/\/www.krkgida.com\/wp-content\/uploads\/2025\/08\/dukkan-resmi-600x745.jpg 600w, https:\/\/www.krkgida.com\/wp-content\/uploads\/2025\/08\/dukkan-resmi-1200x1490.jpg 1200w, https:\/\/www.krkgida.com\/wp-content\/uploads\/2025\/08\/dukkan-resmi-150x186.jpg 150w\" sizes=\"(max-width: 1999px) 100vw, 1999px\" \/>\n\t\t\t\t\t\t\t\t\t\t\t\t\t<\/a>\n\t\t\t\t\t\t\t\t\t\t\t<\/div>\n\t\t\t\t\t\t\t\t\t\t\t\t\t\t\t<div class=\"wd-gallery-item wd-carousel-item\">\n\t\t\t\t\t\t\t\t\t\t\t\t\t<a  href=\"https:\/\/www.krkgida.com\/wp-content\/uploads\/2025\/08\/WhatsApp-Gorsel-2024-10-24-saat-14.16.30_d0356be2-1.jpg\" data-width=\"1200\" data-height=\"1508\" data-index=\"2\" data-elementor-open-lightbox=\"no\">\n\t\t\t\t\t\t\n\t\t\t\t\t\t<img decoding=\"async\" width=\"1200\" height=\"1508\" src=\"https:\/\/www.krkgida.com\/wp-content\/uploads\/2025\/08\/WhatsApp-Gorsel-2024-10-24-saat-14.16.30_d0356be2-1.jpg\" class=\"attachment-full size-full\" alt=\"WhatsApp G\u00f6rsel 2024-10-24 saat 14.16.30_d0356be2\" srcset=\"https:\/\/www.krkgida.com\/wp-content\/uploads\/2025\/08\/WhatsApp-Gorsel-2024-10-24-saat-14.16.30_d0356be2-1.jpg 1200w, https:\/\/www.krkgida.com\/wp-content\/uploads\/2025\/08\/WhatsApp-Gorsel-2024-10-24-saat-14.16.30_d0356be2-1-239x300.jpg 239w, https:\/\/www.krkgida.com\/wp-content\/uploads\/2025\/08\/WhatsApp-Gorsel-2024-10-24-saat-14.16.30_d0356be2-1-637x800.jpg 637w, https:\/\/www.krkgida.com\/wp-content\/uploads\/2025\/08\/WhatsApp-Gorsel-2024-10-24-saat-14.16.30_d0356be2-1-768x965.jpg 768w, https:\/\/www.krkgida.com\/wp-content\/uploads\/2025\/08\/WhatsApp-Gorsel-2024-10-24-saat-14.16.30_d0356be2-1-600x754.jpg 600w, https:\/\/www.krkgida.com\/wp-content\/uploads\/2025\/08\/WhatsApp-Gorsel-2024-10-24-saat-14.16.30_d0356be2-1-150x189.jpg 150w\" sizes=\"(max-width: 1200px) 100vw, 1200px\" \/>\n\t\t\t\t\t\t\t\t\t\t\t\t\t<\/a>\n\t\t\t\t\t\t\t\t\t\t\t<\/div>\n\t\t\t\t\t\t\t\t\t\t\t\t\t\t\t<div class=\"wd-gallery-item wd-carousel-item\">\n\t\t\t\t\t\t\t\t\t\t\t\t\t<a  href=\"https:\/\/www.krkgida.com\/wp-content\/uploads\/2025\/11\/IMG-20241009-WA0003.jpg\" data-width=\"1179\" data-height=\"1571\" data-index=\"3\" data-elementor-open-lightbox=\"no\">\n\t\t\t\t\t\t\n\t\t\t\t\t\t<img decoding=\"async\" width=\"1179\" height=\"1571\" src=\"https:\/\/www.krkgida.com\/wp-content\/uploads\/2025\/11\/IMG-20241009-WA0003.jpg\" class=\"attachment-full size-full\" alt=\"IMG-20241009-WA0003\" srcset=\"https:\/\/www.krkgida.com\/wp-content\/uploads\/2025\/11\/IMG-20241009-WA0003.jpg 1179w, https:\/\/www.krkgida.com\/wp-content\/uploads\/2025\/11\/IMG-20241009-WA0003-225x300.jpg 225w, https:\/\/www.krkgida.com\/wp-content\/uploads\/2025\/11\/IMG-20241009-WA0003-600x799.jpg 600w, https:\/\/www.krkgida.com\/wp-content\/uploads\/2025\/11\/IMG-20241009-WA0003-768x1023.jpg 768w, https:\/\/www.krkgida.com\/wp-content\/uploads\/2025\/11\/IMG-20241009-WA0003-1153x1536.jpg 1153w, https:\/\/www.krkgida.com\/wp-content\/uploads\/2025\/11\/IMG-20241009-WA0003-150x200.jpg 150w\" sizes=\"(max-width: 1179px) 100vw, 1179px\" \/>\n\t\t\t\t\t\t\t\t\t\t\t\t\t<\/a>\n\t\t\t\t\t\t\t\t\t\t\t<\/div>\n\t\t\t\t\t\t\t\t\t\t\t\t\t\t\t\t<\/div>\n\t\t\t\t\t\t\t\t<\/div>\n\t\t\t\t\t\t\t\t\t\t\t\t\t\t<div class=\"wd-nav-arrows wd-pos-sep wd-hover-1 wd-icon-1\">\n\t\t\t<div class=\"wd-btn-arrow wd-prev wd-disabled\">\n\t\t\t\t<div class=\"wd-arrow-inner\"><\/div>\n\t\t\t<\/div>\n\t\t\t<div class=\"wd-btn-arrow wd-next\">\n\t\t\t\t<div class=\"wd-arrow-inner\"><\/div>\n\t\t\t<\/div>\n\t\t<\/div>\n\t\t\t\t\t\t\n\t\t\t\t<\/div>\n\n\t\t\t\t\t\t<div class=\"wd-nav-pagin-wrap text-center wd-style-shape wd-hide-md-sm wd-hide-sm\">\n\t\t\t<ul class=\"wd-nav-pagin\"><\/ul>\n\t\t<\/div>\n\t\t\t\t\t\t\t\t\t\t\t<\/div>\n\t\t\t\t\t\t<\/div>\n\t\t\t\t<\/div>\n\t\t\t\t<\/div>\n\t\t<div class=\"elementor-element elementor-element-af8043f e-con-full e-flex e-con e-child\" data-id=\"af8043f\" data-element_type=\"container\">\n\t\t\t\t<div class=\"elementor-element elementor-element-78a5da3 wd-width-100 elementor-widget elementor-widget-wd_title\" data-id=\"78a5da3\" data-element_type=\"widget\" data-widget_type=\"wd_title.default\">\n\t\t\t\t<div class=\"elementor-widget-container\">\n\t\t\t\t\t\t\t<div class=\"title-wrapper wd-set-mb reset-last-child wd-title-color-default wd-title-style-default wd-title-size-large text-left\">\n\n\t\t\t\n\t\t\t<div class=\"liner-continer\">\n\t\t\t\t<h4 class=\"woodmart-title-container title wd-fontsize-xxl\">HAKKIMIZDA<\/h4> \n\t\t\t\t\t\t\t<\/div>\n\n\t\t\t\t\t<\/div>\n\t\t\t\t\t\t<\/div>\n\t\t\t\t<\/div>\n\t\t\t\t<div class=\"elementor-element elementor-element-49b9a13 elementor-widget elementor-widget-wd_text_block\" data-id=\"49b9a13\" data-element_type=\"widget\" data-widget_type=\"wd_text_block.default\">\n\t\t\t\t<div class=\"elementor-widget-container\">\n\t\t\t\t\t\t\t<div class=\"wd-text-block reset-last-child text-left\">\n\t\t\t\n\t\t\t<p><strong>Karaka\u015f Boya Baharat Kimyevi Maddeler (KRK G\u0131da)<\/strong>, d\u00f6rt nesildir baharat, bitki ve bitkisel \u00fcr\u00fcnler, bitkisel ya\u011flar, g\u0131da katk\u0131 maddeleri, kimyevi maddeler, g\u0131da renklendiricileri, kozmetik ve hava aromatize edici \u00fcr\u00fcnler alanlar\u0131nda faaliyet g\u00f6stermektedir. 10.000 m\u00b2 kapal\u0131 alanda, \u00fcr\u00fcnlerin ithalat\u0131, ihracat\u0131, imalat\u0131, ambalajlanmas\u0131 ve sat\u0131\u015f s\u00fcre\u00e7lerini titizlikle y\u00f6neterek, kalite ve g\u00fcvenilirli\u011fi esas al\u0131r.<\/p>\n\t\t\t\t\t<\/div>\n\t\t\t\t\t\t<\/div>\n\t\t\t\t<\/div>\n\t\t\t\t<\/div>\n\t\t\t\t\t<\/div>\n\t\t\t\t<\/div>\n\t\t\t\t<\/div>\n\t\t","protected":false},"excerpt":{"rendered":"<p>HAKKIMIZDA Karaka\u015f Boya Baharat Kimyevi Maddeler (KRK G\u0131da), d\u00f6rt nesildir baharat, bitki ve bitkisel \u00fcr\u00fcnler, bitkisel ya\u011flar, g\u0131da katk\u0131 maddeleri,<\/p>\n","protected":false},"author":1,"featured_media":0,"parent":0,"menu_order":0,"comment_status":"closed","ping_status":"closed","template":"","meta":{"footnotes":""},"class_list":["post-31","page","type-page","status-publish","hentry"],"_links":{"self":[{"href":"https:\/\/www.krkgida.com\/index.php?rest_route=\/wp\/v2\/pages\/31","targetHints":{"allow":["GET"]}}],"collection":[{"href":"https:\/\/www.krkgida.com\/index.php?rest_route=\/wp\/v2\/pages"}],"about":[{"href":"https:\/\/www.krkgida.com\/index.php?rest_route=\/wp\/v2\/types\/page"}],"author":[{"embeddable":true,"href":"https:\/\/www.krkgida.com\/index.php?rest_route=\/wp\/v2\/users\/1"}],"replies":[{"embeddable":true,"href":"https:\/\/www.krkgida.com\/index.php?rest_route=%2Fwp%2Fv2%2Fcomments&post=31"}],"version-history":[{"count":12,"href":"https:\/\/www.krkgida.com\/index.php?rest_route=\/wp\/v2\/pages\/31\/revisions"}],"predecessor-version":[{"id":31647,"href":"https:\/\/www.krkgida.com\/index.php?rest_route=\/wp\/v2\/pages\/31\/revisions\/31647"}],"wp:attachment":[{"href":"https:\/\/www.krkgida.com\/index.php?rest_route=%2Fwp%2Fv2%2Fmedia&parent=31"}],"curies":[{"name":"wp","href":"https:\/\/api.w.org\/{rel}","templated":true}]}}